{"id":485,"date":"2016-12-01T15:40:15","date_gmt":"2016-12-01T18:40:15","guid":{"rendered":"http:\/\/rematiptop.com.ar\/?page_id=485"},"modified":"2025-07-31T15:57:19","modified_gmt":"2025-07-31T18:57:19","slug":"inicio","status":"publish","type":"page","link":"https:\/\/rematiptop.com.ar\/en\/","title":{"rendered":"Cintas transportadoras &#8211; Provisi\u00f3n y mantenimiento"},"content":{"rendered":"<div><img decoding=\"async\" style=\"cursor: pointer;\" src=\"https:\/\/rematiptop.com.ar\/wp-content\/uploads\/video-youtube-tip-top.jpeg\"><\/div>\n<div id=\"vidoPromocional\" class=\"container\" style=\"display: none;\"><iframe loading=\"lazy\" class=\"video\" src=\"https:\/\/www.youtube.com\/embed\/HeZRGEmT07A\" width=\"560\" height=\"315\" frameborder=\"0\" allowfullscreen=\"allowfullscreen\"><\/iframe><\/div>\n<h3>&nbsp;<\/h3>\n<h3><span style=\"color: #ec2224;\">Tip Top Argentina<\/span><\/h3>\n<hr>\n<h4>La m\u00e1s alta calidad al servicio de su empresa.<\/h4>\n<p>Somos una empresa Argentina con m\u00e1s de 55 a\u00f1os de trayectoria en el mercado. Asistiendo a nuestros clientes en:<\/p>\n<ul>\n<li>Provisi\u00f3n y mantenimiento de cintas transportadoras.<\/li>\n<li>Protecci\u00f3n contra la abrasi\u00f3n.<\/li>\n<li>Protecci\u00f3n contra la corrosi\u00f3n.<\/li>\n<\/ul>\n<p style=\"text-align: left;\">Trabajamos en conjunto con <span style=\"color: #e30018;\">REMA TIP TOP GMBH (Alemania), PHOENIX (Alemania), BELTWALL(USA) entre otras.<\/span><\/p>\n<p style=\"text-align: left;\">Nuestro compromiso y profesionalismo se complementan con la alta calidad de nuestros productos&nbsp; y servicios. Lo cual nos lleva a resolver, de forma exitosa, problemas en una amplia gama de industrias como en la minera, aceitera, papelera, sider\u00fargica, cementera, azucarera y cerealera entre otras.<\/p>\n<p style=\"text-align: left;\">La amplia gama de productos y el constante desarrollo tecnol\u00f3gico hacen de Tip Top Argentina SA un sin\u00f3nimo de excelencia, donde la calidad y la satisfacci\u00f3n del cliente son los principales objetivos.<\/p>\n<p>&nbsp;<\/p>\n","protected":false},"excerpt":{"rendered":"<p>&nbsp; Tip Top Argentina La m\u00e1s alta calidad al servicio de su empresa. Somos una empresa Argentina con m\u00e1s de [&hellip;]<\/p>\n","protected":false},"author":2,"featured_media":0,"parent":0,"menu_order":0,"comment_status":"closed","ping_status":"closed","template":"","meta":{"inline_featured_image":false,"site-sidebar-layout":"default","site-content-layout":"","ast-site-content-layout":"default","site-content-style":"default","site-sidebar-style":"default","ast-global-header-display":"","ast-banner-title-visibility":"","ast-main-header-display":"","ast-hfb-above-header-display":"","ast-hfb-below-header-display":"","ast-hfb-mobile-header-display":"","site-post-title":"","ast-breadcrumbs-content":"","ast-featured-img":"","footer-sml-layout":"","ast-disable-related-posts":"","theme-transparent-header-meta":"default","adv-header-id-meta":"","stick-header-meta":"","header-above-stick-meta":"","header-main-stick-meta":"","header-below-stick-meta":"","astra-migrate-meta-layouts":"set","ast-page-background-enabled":"default","ast-page-background-meta":{"desktop":{"background-color":"var(--ast-global-color-5)","background-image":"","background-repeat":"repeat","background-position":"center center","background-size":"auto","background-attachment":"scroll","background-type":"","background-media":"","overlay-type":"","overlay-color":"","overlay-opacity":"","overlay-gradient":""},"tablet":{"background-color":"","background-image":"","background-repeat":"repeat","background-position":"center center","background-size":"auto","background-attachment":"scroll","background-type":"","background-media":"","overlay-type":"","overlay-color":"","overlay-opacity":"","overlay-gradient":""},"mobile":{"background-color":"","background-image":"","background-repeat":"repeat","background-position":"center center","background-size":"auto","background-attachment":"scroll","background-type":"","background-media":"","overlay-type":"","overlay-color":"","overlay-opacity":"","overlay-gradient":""}},"ast-content-background-meta":{"desktop":{"background-color":"var(--ast-global-color-4)","background-image":"","background-repeat":"repeat","background-position":"center center","background-size":"auto","background-attachment":"scroll","background-type":"","background-media":"","overlay-type":"","overlay-color":"","overlay-opacity":"","overlay-gradient":""},"tablet":{"background-color":"var(--ast-global-color-4)","background-image":"","background-repeat":"repeat","background-position":"center center","background-size":"auto","background-attachment":"scroll","background-type":"","background-media":"","overlay-type":"","overlay-color":"","overlay-opacity":"","overlay-gradient":""},"mobile":{"background-color":"var(--ast-global-color-4)","background-image":"","background-repeat":"repeat","background-position":"center center","background-size":"auto","background-attachment":"scroll","background-type":"","background-media":"","overlay-type":"","overlay-color":"","overlay-opacity":"","overlay-gradient":""}},"ngg_post_thumbnail":0,"jetpack_post_was_ever_published":false,"footnotes":""},"class_list":["post-485","page","type-page","status-publish","hentry"],"translation":{"provider":"WPGlobus","version":"3.0.2","language":"en","enabled_languages":["es","en"],"languages":{"es":{"title":true,"content":true,"excerpt":false},"en":{"title":false,"content":false,"excerpt":false}}},"yoast_head":"<!-- This site is optimized with the Yoast SEO plugin v27.4 - https:\/\/yoast.com\/product\/yoast-seo-wordpress\/ -->\n<title>Cintas transportadoras - Provisi\u00f3n y mantenimiento - TipTop Argentina - Industrial<\/title>\n<meta name=\"robots\" content=\"index, follow, max-snippet:-1, max-image-preview:large, max-video-preview:-1\" \/>\n<link rel=\"canonical\" href=\"https:\/\/rematiptop.com.ar\/\" \/>\n<meta property=\"og:locale\" content=\"en_US\" \/>\n<meta property=\"og:type\" content=\"article\" \/>\n<meta property=\"og:title\" content=\"Cintas transportadoras - Provisi\u00f3n y mantenimiento - TipTop Argentina - Industrial\" \/>\n<meta property=\"og:url\" content=\"https:\/\/rematiptop.com.ar\/\" \/>\n<meta property=\"og:site_name\" content=\"TipTop Argentina - Industrial\" \/>\n<meta property=\"article:modified_time\" content=\"2025-07-31T18:57:19+00:00\" \/>\n<meta property=\"og:image\" content=\"https:\/\/rematiptop.com.ar\/wp-content\/uploads\/video-youtube-tip-top.jpeg\" \/>\n<meta name=\"twitter:card\" content=\"summary_large_image\" \/>\n<meta name=\"twitter:label1\" content=\"Est. reading time\" \/>\n\t<meta name=\"twitter:data1\" content=\"1 minute\" \/>\n<script type=\"application\/ld+json\" class=\"yoast-schema-graph\">{\"@context\":\"https:\\\/\\\/schema.org\",\"@graph\":[{\"@type\":\"WebPage\",\"@id\":\"https:\\\/\\\/rematiptop.com.ar\\\/\",\"url\":\"https:\\\/\\\/rematiptop.com.ar\\\/\",\"name\":\"Cintas transportadoras - Provisi\u00f3n y mantenimiento - TipTop Argentina - Industrial\",\"isPartOf\":{\"@id\":\"https:\\\/\\\/rematiptop.com.ar\\\/en\\\/#website\"},\"primaryImageOfPage\":{\"@id\":\"https:\\\/\\\/rematiptop.com.ar\\\/#primaryimage\"},\"image\":{\"@id\":\"https:\\\/\\\/rematiptop.com.ar\\\/#primaryimage\"},\"thumbnailUrl\":\"https:\\\/\\\/rematiptop.com.ar\\\/wp-content\\\/uploads\\\/video-youtube-tip-top.jpeg\",\"datePublished\":\"2016-12-01T18:40:15+00:00\",\"dateModified\":\"2025-07-31T18:57:19+00:00\",\"breadcrumb\":{\"@id\":\"https:\\\/\\\/rematiptop.com.ar\\\/#breadcrumb\"},\"inLanguage\":\"en-US\",\"potentialAction\":[{\"@type\":\"ReadAction\",\"target\":[\"https:\\\/\\\/rematiptop.com.ar\\\/\"]}]},{\"@type\":\"ImageObject\",\"inLanguage\":\"en-US\",\"@id\":\"https:\\\/\\\/rematiptop.com.ar\\\/#primaryimage\",\"url\":\"https:\\\/\\\/rematiptop.com.ar\\\/wp-content\\\/uploads\\\/video-youtube-tip-top.jpeg\",\"contentUrl\":\"https:\\\/\\\/rematiptop.com.ar\\\/wp-content\\\/uploads\\\/video-youtube-tip-top.jpeg\"},{\"@type\":\"BreadcrumbList\",\"@id\":\"https:\\\/\\\/rematiptop.com.ar\\\/#breadcrumb\",\"itemListElement\":[{\"@type\":\"ListItem\",\"position\":1,\"name\":\"Inicio\",\"item\":\"https:\\\/\\\/rematiptop.com.ar\\\/\"},{\"@type\":\"ListItem\",\"position\":2,\"name\":\"Cintas transportadoras &#8211; Provisi\u00f3n y mantenimiento\"}]},{\"@type\":\"WebSite\",\"@id\":\"https:\\\/\\\/rematiptop.com.ar\\\/en\\\/#website\",\"url\":\"https:\\\/\\\/rematiptop.com.ar\\\/en\\\/\",\"name\":\"TipTop Argentina - Industrial\",\"description\":\"TipTop Argentina SA\",\"publisher\":{\"@id\":\"https:\\\/\\\/rematiptop.com.ar\\\/en\\\/#organization\"},\"potentialAction\":[{\"@type\":\"SearchAction\",\"target\":{\"@type\":\"EntryPoint\",\"urlTemplate\":\"https:\\\/\\\/rematiptop.com.ar\\\/en\\\/?s={search_term_string}\"},\"query-input\":{\"@type\":\"PropertyValueSpecification\",\"valueRequired\":true,\"valueName\":\"search_term_string\"}}],\"inLanguage\":\"en-US\"},{\"@type\":\"Organization\",\"@id\":\"https:\\\/\\\/rematiptop.com.ar\\\/en\\\/#organization\",\"name\":\"TipTop Argentina - Industrial\",\"url\":\"https:\\\/\\\/rematiptop.com.ar\\\/en\\\/\",\"logo\":{\"@type\":\"ImageObject\",\"inLanguage\":\"en-US\",\"@id\":\"https:\\\/\\\/rematiptop.com.ar\\\/en\\\/#\\\/schema\\\/logo\\\/image\\\/\",\"url\":\"https:\\\/\\\/rematiptop.com.ar\\\/wp-content\\\/uploads\\\/cropped-logo-2025.jpg\",\"contentUrl\":\"https:\\\/\\\/rematiptop.com.ar\\\/wp-content\\\/uploads\\\/cropped-logo-2025.jpg\",\"width\":400,\"height\":133,\"caption\":\"TipTop Argentina - Industrial\"},\"image\":{\"@id\":\"https:\\\/\\\/rematiptop.com.ar\\\/en\\\/#\\\/schema\\\/logo\\\/image\\\/\"}}]}<\/script>\n<!-- \/ Yoast SEO plugin. -->","yoast_head_json":{"title":"Cintas transportadoras - Provisi\u00f3n y mantenimiento - TipTop Argentina - Industrial","robots":{"index":"index","follow":"follow","max-snippet":"max-snippet:-1","max-image-preview":"max-image-preview:large","max-video-preview":"max-video-preview:-1"},"canonical":"https:\/\/rematiptop.com.ar\/","og_locale":"en_US","og_type":"article","og_title":"Cintas transportadoras - Provisi\u00f3n y mantenimiento - TipTop Argentina - Industrial","og_url":"https:\/\/rematiptop.com.ar\/","og_site_name":"TipTop Argentina - Industrial","article_modified_time":"2025-07-31T18:57:19+00:00","og_image":[{"url":"https:\/\/rematiptop.com.ar\/wp-content\/uploads\/video-youtube-tip-top.jpeg","type":"","width":"","height":""}],"twitter_card":"summary_large_image","twitter_misc":{"Est. reading time":"1 minute"},"schema":{"@context":"https:\/\/schema.org","@graph":[{"@type":"WebPage","@id":"https:\/\/rematiptop.com.ar\/","url":"https:\/\/rematiptop.com.ar\/","name":"Cintas transportadoras - Provisi\u00f3n y mantenimiento - TipTop Argentina - Industrial","isPartOf":{"@id":"https:\/\/rematiptop.com.ar\/en\/#website"},"primaryImageOfPage":{"@id":"https:\/\/rematiptop.com.ar\/#primaryimage"},"image":{"@id":"https:\/\/rematiptop.com.ar\/#primaryimage"},"thumbnailUrl":"https:\/\/rematiptop.com.ar\/wp-content\/uploads\/video-youtube-tip-top.jpeg","datePublished":"2016-12-01T18:40:15+00:00","dateModified":"2025-07-31T18:57:19+00:00","breadcrumb":{"@id":"https:\/\/rematiptop.com.ar\/#breadcrumb"},"inLanguage":"en-US","potentialAction":[{"@type":"ReadAction","target":["https:\/\/rematiptop.com.ar\/"]}]},{"@type":"ImageObject","inLanguage":"en-US","@id":"https:\/\/rematiptop.com.ar\/#primaryimage","url":"https:\/\/rematiptop.com.ar\/wp-content\/uploads\/video-youtube-tip-top.jpeg","contentUrl":"https:\/\/rematiptop.com.ar\/wp-content\/uploads\/video-youtube-tip-top.jpeg"},{"@type":"BreadcrumbList","@id":"https:\/\/rematiptop.com.ar\/#breadcrumb","itemListElement":[{"@type":"ListItem","position":1,"name":"Inicio","item":"https:\/\/rematiptop.com.ar\/"},{"@type":"ListItem","position":2,"name":"Cintas transportadoras &#8211; Provisi\u00f3n y mantenimiento"}]},{"@type":"WebSite","@id":"https:\/\/rematiptop.com.ar\/en\/#website","url":"https:\/\/rematiptop.com.ar\/en\/","name":"TipTop Argentina - Industrial","description":"TipTop Argentina SA","publisher":{"@id":"https:\/\/rematiptop.com.ar\/en\/#organization"},"potentialAction":[{"@type":"SearchAction","target":{"@type":"EntryPoint","urlTemplate":"https:\/\/rematiptop.com.ar\/en\/?s={search_term_string}"},"query-input":{"@type":"PropertyValueSpecification","valueRequired":true,"valueName":"search_term_string"}}],"inLanguage":"en-US"},{"@type":"Organization","@id":"https:\/\/rematiptop.com.ar\/en\/#organization","name":"TipTop Argentina - Industrial","url":"https:\/\/rematiptop.com.ar\/en\/","logo":{"@type":"ImageObject","inLanguage":"en-US","@id":"https:\/\/rematiptop.com.ar\/en\/#\/schema\/logo\/image\/","url":"https:\/\/rematiptop.com.ar\/wp-content\/uploads\/cropped-logo-2025.jpg","contentUrl":"https:\/\/rematiptop.com.ar\/wp-content\/uploads\/cropped-logo-2025.jpg","width":400,"height":133,"caption":"TipTop Argentina - Industrial"},"image":{"@id":"https:\/\/rematiptop.com.ar\/en\/#\/schema\/logo\/image\/"}}]}},"jetpack_sharing_enabled":true,"jetpack_shortlink":"https:\/\/wp.me\/P8eJkw-7P","_links":{"self":[{"href":"https:\/\/rematiptop.com.ar\/en\/wp-json\/wp\/v2\/pages\/485","targetHints":{"allow":["GET"]}}],"collection":[{"href":"https:\/\/rematiptop.com.ar\/en\/wp-json\/wp\/v2\/pages"}],"about":[{"href":"https:\/\/rematiptop.com.ar\/en\/wp-json\/wp\/v2\/types\/page"}],"author":[{"embeddable":true,"href":"https:\/\/rematiptop.com.ar\/en\/wp-json\/wp\/v2\/users\/2"}],"replies":[{"embeddable":true,"href":"https:\/\/rematiptop.com.ar\/en\/wp-json\/wp\/v2\/comments?post=485"}],"version-history":[{"count":18,"href":"https:\/\/rematiptop.com.ar\/en\/wp-json\/wp\/v2\/pages\/485\/revisions"}],"predecessor-version":[{"id":3014,"href":"https:\/\/rematiptop.com.ar\/en\/wp-json\/wp\/v2\/pages\/485\/revisions\/3014"}],"wp:attachment":[{"href":"https:\/\/rematiptop.com.ar\/en\/wp-json\/wp\/v2\/media?parent=485"}],"curies":[{"name":"wp","href":"https:\/\/api.w.org\/{rel}","templated":true}]}}